{"id":14,"date":"2023-11-02T12:17:08","date_gmt":"2023-11-02T11:17:08","guid":{"rendered":"https:\/\/marketplace.readyplace.info\/?post_type=product&#038;p=14"},"modified":"2023-11-06T18:30:22","modified_gmt":"2023-11-06T17:30:22","slug":"wie-erstelle-ich-eine-persoenliche-signatur-im-programm-outlook","status":"publish","type":"product","link":"https:\/\/marketplace.readyplace.info\/index.php\/produkt\/wie-erstelle-ich-eine-persoenliche-signatur-im-programm-outlook\/","title":{"rendered":"Wie erstelle ich eine pers\u00f6nliche Signatur im Programm &#8222;Outlook&#8220;?"},"content":{"rendered":"<p>Herzlich Willkommen beim Tutorial &#8222;Wie erstelle ich eine pers\u00f6nliche Signatur bei &#8222;Outlook&#8220;?&#8220;.<\/p>\n<p>Nachfolgend wird Ihnen Schritt f\u00fcr Schritt erkl\u00e4rt, wie Sie eine pers\u00f6nliche Signatur erstellen, um diese bei zu sendenden E-Mails einzuf\u00fcgen.<\/p>\n<p>30% Preview hier:<\/p>\n<p><a href=\"https:\/\/weare.readyplace.net\/public\/tutorial\/614c687acf03ca007841e5cc?op=start\">https:\/\/weare.readyplace.net\/public\/tutorial\/614c687acf03ca007841e5cc<\/a><\/p>\n<p>&nbsp;<\/p>\n","protected":false},"excerpt":{"rendered":"<p>Herzlich Willkommen beim Tutorial &#8222;Wie erstelle ich eine pers\u00f6nliche Signatur bei &#8222;Outlook&#8220;?&#8220;. Nachfolgend wird Ihnen Schritt f\u00fcr Schritt erkl\u00e4rt, wie Sie eine pers\u00f6nliche Signatur erstellen, um diese bei zu sendenden E-Mails einzuf\u00fcgen. 30% Preview hier: https:\/\/weare.readyplace.net\/public\/tutorial\/614c687acf03ca007841e5cc &nbsp;<\/p>\n","protected":false},"featured_media":16,"comment_status":"open","ping_status":"closed","template":"","meta":[],"product_cat":[17,18],"product_tag":[],"class_list":["post-14","product","type-product","status-publish","has-post-thumbnail","hentry","product_cat-microsoft","product_cat-outlook","entry"],"_links":{"self":[{"href":"https:\/\/marketplace.readyplace.info\/index.php\/wp-json\/wp\/v2\/product\/14","targetHints":{"allow":["GET"]}}],"collection":[{"href":"https:\/\/marketplace.readyplace.info\/index.php\/wp-json\/wp\/v2\/product"}],"about":[{"href":"https:\/\/marketplace.readyplace.info\/index.php\/wp-json\/wp\/v2\/types\/product"}],"replies":[{"embeddable":true,"href":"https:\/\/marketplace.readyplace.info\/index.php\/wp-json\/wp\/v2\/comments?post=14"}],"wp:featuredmedia":[{"embeddable":true,"href":"https:\/\/marketplace.readyplace.info\/index.php\/wp-json\/wp\/v2\/media\/16"}],"wp:attachment":[{"href":"https:\/\/marketplace.readyplace.info\/index.php\/wp-json\/wp\/v2\/media?parent=14"}],"wp:term":[{"taxonomy":"product_cat","embeddable":true,"href":"https:\/\/marketplace.readyplace.info\/index.php\/wp-json\/wp\/v2\/product_cat?post=14"},{"taxonomy":"product_tag","embeddable":true,"href":"https:\/\/marketplace.readyplace.info\/index.php\/wp-json\/wp\/v2\/product_tag?post=14"}],"curies":[{"name":"wp","href":"https:\/\/api.w.org\/{rel}","templated":true}]}}